{"id":15253,"date":"2015-05-12T12:33:22","date_gmt":"2015-05-12T12:33:22","guid":{"rendered":"http:\/\/demo.qodeinteractive.com\/bridge107\/?page_id=15253"},"modified":"2016-09-28T15:14:27","modified_gmt":"2016-09-28T15:14:27","slug":"home","status":"publish","type":"page","link":"https:\/\/vclv.cz\/","title":{"rendered":"\u00daVOD"},"content":{"rendered":"<p>[vc_row row_type=&#8220;row&#8220; use_row_as_full_screen_section=&#8220;no&#8220; type=&#8220;full_width&#8220; angled_section=&#8220;no&#8220; text_align=&#8220;left&#8220; background_image_as_pattern=&#8220;without_pattern&#8220; padding_bottom=&#8220;30&#8243; css_animation=&#8220;&#8220;][vc_column]<div class=\"masonry_gallery_holder  \" data-parallax_item_speed=\"0.3\" data-parallax_item_offset=\"0\"><div class=\"grid-sizer\"><\/div><article class=\"masonry_gallery_item rectangle_landscape standard \"><a itemprop=\"url\" href=\"http:\/\/vclv.cz\/?portfolio_page=dum-slunecnice\" target=\"_self\"><div class = \"masonry_gallery_image_holder\"><img width=\"1000\" height=\"500\" src=\"https:\/\/vclv.cz\/wp-content\/uploads\/2016\/09\/sunflower_03-1000x500.jpg\" class=\"attachment-portfolio_masonry_wide size-portfolio_masonry_wide wp-post-image\" alt=\"\" loading=\"lazy\" \/><\/div><div class=\"masonry_gallery_item_outer\"><div class=\"masonry_gallery_item_inner\"><div class=\"masonry_gallery_item_content\"><h3 itemprop=\"name\">D\u016fm Slune\u010dnice<\/h3><\/div><\/div><\/div><\/a><\/article><article class=\"masonry_gallery_item square_small standard \"><a itemprop=\"url\" href=\"http:\/\/vclv.cz\/?portfolio_page=mestska-lavicka-flipjoy\" target=\"_self\"><div class = \"masonry_gallery_image_holder\"><img width=\"570\" height=\"570\" src=\"https:\/\/vclv.cz\/wp-content\/uploads\/2016\/09\/flipjoy_02-570x570.jpg\" class=\"attachment-portfolio-square size-portfolio-square wp-post-image\" alt=\"\" loading=\"lazy\" srcset=\"https:\/\/vclv.cz\/wp-content\/uploads\/2016\/09\/flipjoy_02-570x570.jpg 570w, https:\/\/vclv.cz\/wp-content\/uploads\/2016\/09\/flipjoy_02-150x150.jpg 150w, https:\/\/vclv.cz\/wp-content\/uploads\/2016\/09\/flipjoy_02-500x500.jpg 500w, https:\/\/vclv.cz\/wp-content\/uploads\/2016\/09\/flipjoy_02-1000x1000.jpg 1000w\" sizes=\"(max-width: 570px) 100vw, 570px\" \/><\/div><div class=\"masonry_gallery_item_outer\"><div class=\"masonry_gallery_item_inner\"><div class=\"masonry_gallery_item_content\"><h3 itemprop=\"name\">M\u011bstsk\u00e1 lavi\u010dka Flipjoy<\/h3><\/div><\/div><\/div><\/a><\/article><article class=\"masonry_gallery_item square_small standard \"><a itemprop=\"url\" href=\"http:\/\/vclv.cz\/?portfolio_page=dum-poutniku-na-frantisku\" target=\"_self\"><div class = \"masonry_gallery_image_holder\"><img width=\"570\" height=\"570\" src=\"https:\/\/vclv.cz\/wp-content\/uploads\/2016\/10\/pilgrim_1-570x570.jpg\" class=\"attachment-portfolio-square size-portfolio-square wp-post-image\" alt=\"\" loading=\"lazy\" srcset=\"https:\/\/vclv.cz\/wp-content\/uploads\/2016\/10\/pilgrim_1-570x570.jpg 570w, https:\/\/vclv.cz\/wp-content\/uploads\/2016\/10\/pilgrim_1-150x150.jpg 150w, https:\/\/vclv.cz\/wp-content\/uploads\/2016\/10\/pilgrim_1-500x500.jpg 500w, https:\/\/vclv.cz\/wp-content\/uploads\/2016\/10\/pilgrim_1-1000x1000.jpg 1000w\" sizes=\"(max-width: 570px) 100vw, 570px\" \/><\/div><div class=\"masonry_gallery_item_outer\"><div class=\"masonry_gallery_item_inner\"><div class=\"masonry_gallery_item_content\"><h3 itemprop=\"name\">D\u016fm Poutn\u00edk\u016f Na Franti\u0161ku<\/h3><\/div><\/div><\/div><\/a><\/article><article class=\"masonry_gallery_item square_small standard \"><a itemprop=\"url\" href=\"http:\/\/vclv.cz\/?portfolio_page=sportovni-hala-repy\" target=\"_self\"><div class = \"masonry_gallery_image_holder\"><img width=\"570\" height=\"570\" src=\"https:\/\/vclv.cz\/wp-content\/uploads\/2016\/09\/repy_01-570x570.jpg\" class=\"attachment-portfolio-square size-portfolio-square wp-post-image\" alt=\"\" loading=\"lazy\" srcset=\"https:\/\/vclv.cz\/wp-content\/uploads\/2016\/09\/repy_01-570x570.jpg 570w, https:\/\/vclv.cz\/wp-content\/uploads\/2016\/09\/repy_01-150x150.jpg 150w, https:\/\/vclv.cz\/wp-content\/uploads\/2016\/09\/repy_01-500x500.jpg 500w, https:\/\/vclv.cz\/wp-content\/uploads\/2016\/09\/repy_01-1000x1000.jpg 1000w\" sizes=\"(max-width: 570px) 100vw, 570px\" \/><\/div><div class=\"masonry_gallery_item_outer\"><div class=\"masonry_gallery_item_inner\"><div class=\"masonry_gallery_item_content\"><h3 itemprop=\"name\">Sportovn\u00ed hala \u0158epy<\/h3><\/div><\/div><\/div><\/a><\/article><article class=\"masonry_gallery_item rectangle_landscape standard \"><a itemprop=\"url\" href=\"http:\/\/vclv.cz\/?portfolio_page=rekonstrukce-a-interier-bytu-kladno\" target=\"_self\"><div class = \"masonry_gallery_image_holder\"><img width=\"1000\" height=\"500\" src=\"https:\/\/vclv.cz\/wp-content\/uploads\/2017\/06\/kladno_06_WEB-1000x500.jpg\" class=\"attachment-portfolio_masonry_wide size-portfolio_masonry_wide wp-post-image\" alt=\"\" loading=\"lazy\" \/><\/div><div class=\"masonry_gallery_item_outer\"><div class=\"masonry_gallery_item_inner\"><div class=\"masonry_gallery_item_content\"><h3 itemprop=\"name\">Rekonstrukce a interi\u00e9r bytu Kladno<\/h3><\/div><\/div><\/div><\/a><\/article><article class=\"masonry_gallery_item rectangle_portrait standard \"><a itemprop=\"url\" href=\"http:\/\/vclv.cz\/?portfolio_page=interier-rodinne-vily-leogang\" target=\"_self\"><div class = \"masonry_gallery_image_holder\"><img width=\"500\" height=\"1000\" src=\"https:\/\/vclv.cz\/wp-content\/uploads\/2016\/10\/leogangint_long-500x1000.jpg\" class=\"attachment-portfolio_masonry_tall size-portfolio_masonry_tall wp-post-image\" alt=\"\" loading=\"lazy\" \/><\/div><div class=\"masonry_gallery_item_outer\"><div class=\"masonry_gallery_item_inner\"><div class=\"masonry_gallery_item_content\"><h3 itemprop=\"name\">Interi\u00e9r rodinn\u00e9 vily Leogang<\/h3><\/div><\/div><\/div><\/a><\/article><article class=\"masonry_gallery_item rectangle_landscape standard \"><a itemprop=\"url\" href=\"http:\/\/vclv.cz\/?portfolio_page=rekonstrukce-a-interier-bytu-ndstr\" target=\"_self\"><div class = \"masonry_gallery_image_holder\"><img width=\"1000\" height=\"500\" src=\"https:\/\/vclv.cz\/wp-content\/uploads\/2016\/09\/ndstr_01-1000x500.jpg\" class=\"attachment-portfolio_masonry_wide size-portfolio_masonry_wide wp-post-image\" alt=\"\" loading=\"lazy\" \/><\/div><div class=\"masonry_gallery_item_outer\"><div class=\"masonry_gallery_item_inner\"><div class=\"masonry_gallery_item_content\"><h3 itemprop=\"name\">REKONSTRUKCE A INTERI\u00c9R BYTU NDSTR<\/h3><\/div><\/div><\/div><\/a><\/article><article class=\"masonry_gallery_item square_small standard \"><a itemprop=\"url\" href=\"http:\/\/vclv.cz\/?portfolio_page=koupelna_repy\" target=\"_self\"><div class = \"masonry_gallery_image_holder\"><img width=\"570\" height=\"570\" src=\"https:\/\/vclv.cz\/wp-content\/uploads\/2016\/09\/kouptum_01-570x570.jpg\" class=\"attachment-portfolio-square size-portfolio-square wp-post-image\" alt=\"\" loading=\"lazy\" srcset=\"https:\/\/vclv.cz\/wp-content\/uploads\/2016\/09\/kouptum_01-570x570.jpg 570w, https:\/\/vclv.cz\/wp-content\/uploads\/2016\/09\/kouptum_01-150x150.jpg 150w, https:\/\/vclv.cz\/wp-content\/uploads\/2016\/09\/kouptum_01-500x500.jpg 500w, https:\/\/vclv.cz\/wp-content\/uploads\/2016\/09\/kouptum_01-1000x1000.jpg 1000w\" sizes=\"(max-width: 570px) 100vw, 570px\" \/><\/div><div class=\"masonry_gallery_item_outer\"><div class=\"masonry_gallery_item_inner\"><div class=\"masonry_gallery_item_content\"><h3 itemprop=\"name\">Interi\u00e9r koupelny \u0158eporyje<\/h3><\/div><\/div><\/div><\/a><\/article><article class=\"masonry_gallery_item square_small with_icon \"><a itemprop=\"url\" href=\"http:\/\/vclv.cz\/?page_id=15335\" target=\"_self\"><div class=\"masonry_gallery_item_outer\"><div class=\"masonry_gallery_item_inner\"><div class=\"masonry_gallery_item_content\"><div class=\"masonry_gallery_item_icon\"><i class=\"qodef-icon-linea-icon icon-basic-pencil-ruler \" ><\/i><\/div><h3 itemprop=\"name\">Projekty<\/h3><p class=\"masonry_gallery_item_text\">Portfolio projekt\u016f<\/p><\/div><\/div><\/div><\/a><\/article><article class=\"masonry_gallery_item rectangle_landscape standard \"><a itemprop=\"url\" href=\"http:\/\/vclv.cz\/?portfolio_page=pivovar-kralupy\" target=\"_self\"><div class = \"masonry_gallery_image_holder\"><img width=\"1000\" height=\"500\" src=\"https:\/\/vclv.cz\/wp-content\/uploads\/2016\/10\/brewery_01-1000x500.jpg\" class=\"attachment-portfolio_masonry_wide size-portfolio_masonry_wide wp-post-image\" alt=\"\" loading=\"lazy\" \/><\/div><div class=\"masonry_gallery_item_outer\"><div class=\"masonry_gallery_item_inner\"><div class=\"masonry_gallery_item_content\"><h3 itemprop=\"name\">Pivovar Kralupy<\/h3><\/div><\/div><\/div><\/a><\/article><article class=\"masonry_gallery_item square_small standard \"><a itemprop=\"url\" href=\"http:\/\/vclv.cz\/?portfolio_page=rodinna-vila-leogang\" target=\"_self\"><div class = \"masonry_gallery_image_holder\"><img width=\"570\" height=\"570\" src=\"https:\/\/vclv.cz\/wp-content\/uploads\/2016\/10\/leogang_01-570x570.jpg\" class=\"attachment-portfolio-square size-portfolio-square wp-post-image\" alt=\"\" loading=\"lazy\" srcset=\"https:\/\/vclv.cz\/wp-content\/uploads\/2016\/10\/leogang_01-570x570.jpg 570w, https:\/\/vclv.cz\/wp-content\/uploads\/2016\/10\/leogang_01-150x150.jpg 150w, https:\/\/vclv.cz\/wp-content\/uploads\/2016\/10\/leogang_01-500x500.jpg 500w, https:\/\/vclv.cz\/wp-content\/uploads\/2016\/10\/leogang_01-1000x1000.jpg 1000w\" sizes=\"(max-width: 570px) 100vw, 570px\" \/><\/div><div class=\"masonry_gallery_item_outer\"><div class=\"masonry_gallery_item_inner\"><div class=\"masonry_gallery_item_content\"><h3 itemprop=\"name\">Rodinn\u00e1 vila Leogang<\/h3><\/div><\/div><\/div><\/a><\/article><\/div>[\/vc_column][\/vc_row][vc_row row_type=&#8220;row&#8220; use_row_as_full_screen_section=&#8220;no&#8220; type=&#8220;full_width&#8220; angled_section=&#8220;no&#8220; text_align=&#8220;left&#8220; background_image_as_pattern=&#8220;without_pattern&#8220; css_animation=&#8220;&#8220;][vc_column][\/vc_column][\/vc_row]<\/p>\n","protected":false},"excerpt":{"rendered":"<p>[vc_row row_type=&#8220;row&#8220; use_row_as_full_screen_section=&#8220;no&#8220; type=&#8220;full_width&#8220; angled_section=&#8220;no&#8220; text_align=&#8220;left&#8220; background_image_as_pattern=&#8220;without_pattern&#8220; padding_bottom=&#8220;30&#8243; css_animation=&#8220;&#8220;][vc_column][\/vc_column][\/vc_row][vc_row row_type=&#8220;row&#8220; use_row_as_full_screen_section=&#8220;no&#8220; type=&#8220;full_width&#8220; angled_section=&#8220;no&#8220; text_align=&#8220;left&#8220; background_image_as_pattern=&#8220;without_pattern&#8220; css_animation=&#8220;&#8220;][vc_column][\/vc_column][\/vc_row]<\/p>\n","protected":false},"author":1,"featured_media":0,"parent":0,"menu_order":0,"comment_status":"open","ping_status":"open","template":"","meta":{"_monsterinsights_skip_tracking":false,"_monsterinsights_sitenote_active":false,"_monsterinsights_sitenote_note":"","_monsterinsights_sitenote_category":0},"_links":{"self":[{"href":"https:\/\/vclv.cz\/index.php?rest_route=\/wp\/v2\/pages\/15253"}],"collection":[{"href":"https:\/\/vclv.cz\/index.php?rest_route=\/wp\/v2\/pages"}],"about":[{"href":"https:\/\/vclv.cz\/index.php?rest_route=\/wp\/v2\/types\/page"}],"author":[{"embeddable":true,"href":"https:\/\/vclv.cz\/index.php?rest_route=\/wp\/v2\/users\/1"}],"replies":[{"embeddable":true,"href":"https:\/\/vclv.cz\/index.php?rest_route=%2Fwp%2Fv2%2Fcomments&post=15253"}],"version-history":[{"count":3,"href":"https:\/\/vclv.cz\/index.php?rest_route=\/wp\/v2\/pages\/15253\/revisions"}],"predecessor-version":[{"id":15508,"href":"https:\/\/vclv.cz\/index.php?rest_route=\/wp\/v2\/pages\/15253\/revisions\/15508"}],"wp:attachment":[{"href":"https:\/\/vclv.cz\/index.php?rest_route=%2Fwp%2Fv2%2Fmedia&parent=15253"}],"curies":[{"name":"wp","href":"https:\/\/api.w.org\/{rel}","templated":true}]}}