{"id":15286,"date":"2015-05-20T12:24:34","date_gmt":"2015-05-20T12:24:34","guid":{"rendered":"http:\/\/demo.qodeinteractive.com\/bridge107\/?page_id=15286"},"modified":"2022-06-09T19:36:48","modified_gmt":"2022-06-09T18:36:48","slug":"about","status":"publish","type":"page","link":"https:\/\/vclv.cz\/?page_id=15286","title":{"rendered":"O MN\u011a"},"content":{"rendered":"<p>[vc_row row_type=&#8220;row&#8220; use_row_as_full_screen_section=&#8220;no&#8220; type=&#8220;full_width&#8220; angled_section=&#8220;no&#8220; text_align=&#8220;left&#8220; background_image_as_pattern=&#8220;without_pattern&#8220; css_animation=&#8220;&#8220;][vc_column][vc_single_image image=&#8220;15391&#8243; img_size=&#8220;full&#8220; qode_css_animation=&#8220;&#8220;][\/vc_column][\/vc_row][vc_row row_type=&#8220;row&#8220; use_row_as_full_screen_section=&#8220;no&#8220; type=&#8220;full_width&#8220; angled_section=&#8220;no&#8220; text_align=&#8220;left&#8220; background_image_as_pattern=&#8220;without_pattern&#8220; padding_top=&#8220;80&#8243; padding_bottom=&#8220;70&#8243; css_animation=&#8220;&#8220;][vc_column width=&#8220;1\/2&#8243;][vc_column_text]ING. ARCH. <strong>V\u00c1CLAV BO\u010cEK<\/strong>[\/vc_column_text][vc_separator type=&#8220;transparent&#8220; up=&#8220;10&#8243; down=&#8220;0&#8243;][vc_column_text]autorizovan\u00fd architekt \u010cKA 05042<\/p>\n<p>[vc_separator type=&#8220;transparent&#8220; up=&#8220;10&#8243; down=&#8220;0&#8243;]<\/p>\n<p>Architektura a stavitelstv\u00ed, <strong>\u010cVUT<\/strong> v Praze<\/p>\n<p>2011 &#8211; sou\u010dasnost &#8211; architekt <strong>PSK TUZAR s.r.o.<\/strong><\/p>\n<p>2012 &#8211; sou\u010dasnost &#8211; architekt<strong> vclv<\/strong><\/p>\n<p>2015 &#8211;\u00a0<strong>Kavakava O\u00dc<\/strong> (Estonsko)<\/p>\n<p>[vc_separator type=&#8220;transparent&#8220; up=&#8220;10&#8243; down=&#8220;0&#8243;]<\/p>\n<p>Ocen\u011bn\u00ed:<\/p>\n<p>2012 &#8211; 2.m\u00edsto v sout\u011b\u017ei Metrostav Composite Solution &#8211; Sportovn\u00ed Centrum \u0158epy<\/p>\n<p>2012 &#8211; Cena \u010cesk\u00e9 Asociace Ocelov\u00fdch Konstrukc\u00ed\u00a0&#8211; Sportovn\u00ed Centrum \u0158epy<\/p>\n<p>2012 &#8211; AGC sklo v architektu\u0159e\u00a0&#8211; fin\u00e1le &#8211;\u00a0Radnice Prahy 5<\/p>\n<p>[vc_separator type=&#8220;transparent&#8220; up=&#8220;10&#8243; down=&#8220;0&#8243;]<\/p>\n<p>MOOC kurzy:<\/p>\n<p>2012 &#8211; Design: Creations of artifacts in society &#8211; University of Pennsylvania (USA)<\/p>\n<p>2013 &#8211; Introdution to Arts\u00a0&#8211; The Pennsylvania State University\u00a0(USA)<\/p>\n<p>2013 &#8211; Creativity and Innovation\u00a0&#8211; The Pennsylvania State University\u00a0(USA)<\/p>\n<p>2013 &#8211; Computational Arts\u00a0&#8211; State University of New York\u00a0(USA)<\/p>\n<p>2014 &#8211; Roman Architecture &#8211; Yale University\u00a0(USA)<\/p>\n<p>[\/vc_column_text][vc_separator type=&#8220;transparent&#8220; up=&#8220;30&#8243; down=&#8220;0&#8243;][\/vc_column][\/vc_row][vc_row row_type=&#8220;row&#8220; use_row_as_full_screen_section=&#8220;no&#8220; type=&#8220;grid&#8220; in_content_menu=&#8220;in_content_menu&#8220; content_menu_icon=&#8220;&#8220; angled_section=&#8220;no&#8220; text_align=&#8220;left&#8220; background_image_as_pattern=&#8220;without_pattern&#8220; css_animation=&#8220;&#8220;][vc_column width=&#8220;1\/4&#8243; css=&#8220;.vc_custom_1474821325968{padding-top: 40px !important;}&#8220;]<div class='image_hover ' style='' data-transition-delay=''><div class='images_holder'><a itemprop='url' href='http:\/\/www.tuzar.cz' target='_blank'><img itemprop='image' class='active_image ' src='https:\/\/vclv.cz\/wp-content\/uploads\/2016\/09\/logo_final-e1474821021360.png' alt='' style='' \/><img itemprop='image' class='hover_image' src='https:\/\/vclv.cz\/wp-content\/uploads\/2016\/09\/logo_final_blue-e1475081137502.png' alt='' style='' \/><\/a><\/div><\/div>[\/vc_column][vc_column width=&#8220;1\/4&#8243; css=&#8220;.vc_custom_1474821319385{padding-top: 70px !important;}&#8220;]<div class='image_hover ' style='' data-transition-delay=''><div class='images_holder'><a itemprop='url' href='http:\/\/www.kavakava.ee' target='_blank'><img itemprop='image' class='active_image ' src='https:\/\/vclv.cz\/wp-content\/uploads\/2016\/09\/kavakava_logo_peenike_02.png' alt='' style='' \/><img itemprop='image' class='hover_image' src='https:\/\/vclv.cz\/wp-content\/uploads\/2016\/09\/kavakava_logo_peenike_02_blue.png' alt='' style='' \/><\/a><\/div><\/div>[\/vc_column][vc_column width=&#8220;1\/4&#8243; css=&#8220;.vc_custom_1475081980017{padding-top: 20px !important;padding-bottom: 0px !important;padding-left: 120px !important;}&#8220;]<div class='image_hover ' style='' data-transition-delay=''><div class='images_holder'><a itemprop='url' href='http:\/\/web.fsv.cvut.cz\/' target='_blank'><img itemprop='image' class='active_image ' src='https:\/\/vclv.cz\/wp-content\/uploads\/2016\/09\/cvut-e1474821072223.png' alt='' style='' \/><img itemprop='image' class='hover_image' src='https:\/\/vclv.cz\/wp-content\/uploads\/2016\/09\/cvut_blue-e1475081123935.png' alt='' style='' \/><\/a><\/div><\/div>[\/vc_column][vc_column width=&#8220;1\/4&#8243; css=&#8220;.vc_custom_1475081920729{padding-bottom: 0px !important;padding-left: 100px !important;}&#8220;]<div class='image_hover ' style='' data-transition-delay=''><div class='images_holder'><a itemprop='url' href='http:\/www.vclv.cz' target='_blank'><img itemprop='image' class='active_image ' src='https:\/\/vclv.cz\/wp-content\/uploads\/2016\/09\/LOGO_NEW_grey-e1475081851700.png' alt='' style='' \/><img itemprop='image' class='hover_image' src='https:\/\/vclv.cz\/wp-content\/uploads\/2016\/09\/LOGO_NEW_blue-e1475081147947.png' alt='' style='' \/><\/a><\/div><\/div>[\/vc_column][\/vc_row]<\/p>\n<p><span style=\"font-size: revert; color: initial;\">5081980017{padding-top: 20px !important;padding-bottom: 0px !important;padding-left: 120px !important;}&#8220;]<div class='image_hover ' style='' data-transition-delay=''><div class='images_holder'><a itemprop='url' href='http:\/\/web.fsv.cvut.cz\/' target='_blank'><img itemprop='image' class='active_image ' src='https:\/\/vclv.cz\/wp-content\/uploads\/2016\/09\/cvut-e1474821072223.png' alt='' style='' \/><img itemprop='image' class='hover_image' src='https:\/\/vclv.cz\/wp-content\/uploads\/2016\/09\/cvut_blue-e1475081123935.png' alt='' style='' \/><\/a><\/div><\/div>[\/vc_column][vc_column width=&#8220;1\/4&#8243; css=&#8220;.vc_custom_1475081920729{padding-bottom: 0px !important;padding-left: 100px !important;}&#8220;]<div class='image_hover ' style='' data-transition-delay=''><div class='images_holder'><a itemprop='url' href='http:\/www.vclv.cz' target='_blank'><img itemprop='image' class='active_image ' src='https:\/\/vclv.cz\/wp-content\/uploads\/2016\/09\/LOGO_NEW_grey-e1475081851700.png' alt='' style='' \/><img itemprop='image' class='hover_image' src='https:\/\/vclv.cz\/wp-content\/uploads\/2016\/09\/LOGO_NEW_blue-e1475081147947.png' alt='' style='' \/><\/a><\/div><\/div>[\/vc_column][\/vc_row]<\/span><\/p>\n","protected":false},"excerpt":{"rendered":"<p>[vc_row row_type=&#8220;row&#8220; use_row_as_full_screen_section=&#8220;no&#8220; type=&#8220;full_width&#8220; angled_section=&#8220;no&#8220; text_align=&#8220;left&#8220; background_image_as_pattern=&#8220;without_pattern&#8220; css_animation=&#8220;&#8220;][vc_column][vc_single_image image=&#8220;15391&#8243; img_size=&#8220;full&#8220; qode_css_animation=&#8220;&#8220;][\/vc_column][\/vc_row][vc_row row_type=&#8220;row&#8220; use_row_as_full_screen_section=&#8220;no&#8220; type=&#8220;full_width&#8220; angled_section=&#8220;no&#8220; text_align=&#8220;left&#8220; background_image_as_pattern=&#8220;without_pattern&#8220; padding_top=&#8220;80&#8243; padding_bottom=&#8220;70&#8243; css_animation=&#8220;&#8220;][vc_column width=&#8220;1\/2&#8243;][vc_column_text]ING. ARCH. V\u00c1CLAV BO\u010cEK[\/vc_column_text][vc_separator type=&#8220;transparent&#8220; up=&#8220;10&#8243; down=&#8220;0&#8243;][vc_column_text]autorizovan\u00fd architekt \u010cKA 05042 [vc_separator type=&#8220;transparent&#8220; up=&#8220;10&#8243; down=&#8220;0&#8243;] Architektura a stavitelstv\u00ed, \u010cVUT v Praze 2011 &#8211; sou\u010dasnost &#8211; architekt&#8230;<\/p>\n","protected":false},"author":1,"featured_media":0,"parent":0,"menu_order":0,"comment_status":"open","ping_status":"open","template":"","meta":{"_monsterinsights_skip_tracking":false,"_monsterinsights_sitenote_active":false,"_monsterinsights_sitenote_note":"","_monsterinsights_sitenote_category":0},"_links":{"self":[{"href":"https:\/\/vclv.cz\/index.php?rest_route=\/wp\/v2\/pages\/15286"}],"collection":[{"href":"https:\/\/vclv.cz\/index.php?rest_route=\/wp\/v2\/pages"}],"about":[{"href":"https:\/\/vclv.cz\/index.php?rest_route=\/wp\/v2\/types\/page"}],"author":[{"embeddable":true,"href":"https:\/\/vclv.cz\/index.php?rest_route=\/wp\/v2\/users\/1"}],"replies":[{"embeddable":true,"href":"https:\/\/vclv.cz\/index.php?rest_route=%2Fwp%2Fv2%2Fcomments&post=15286"}],"version-history":[{"count":50,"href":"https:\/\/vclv.cz\/index.php?rest_route=\/wp\/v2\/pages\/15286\/revisions"}],"predecessor-version":[{"id":15760,"href":"https:\/\/vclv.cz\/index.php?rest_route=\/wp\/v2\/pages\/15286\/revisions\/15760"}],"wp:attachment":[{"href":"https:\/\/vclv.cz\/index.php?rest_route=%2Fwp%2Fv2%2Fmedia&parent=15286"}],"curies":[{"name":"wp","href":"https:\/\/api.w.org\/{rel}","templated":true}]}}