{"id":15335,"date":"2015-05-26T10:45:52","date_gmt":"2015-05-26T10:45:52","guid":{"rendered":"http:\/\/demo.qodeinteractive.com\/bridge107\/?page_id=15335"},"modified":"2016-10-01T15:42:07","modified_gmt":"2016-10-01T15:42:07","slug":"portfolio","status":"publish","type":"page","link":"https:\/\/vclv.cz\/?page_id=15335","title":{"rendered":"PROJEKTY"},"content":{"rendered":"<p>[vc_row row_type=&#8220;row&#8220; use_row_as_full_screen_section=&#8220;no&#8220; type=&#8220;full_width&#8220; angled_section=&#8220;no&#8220; text_align=&#8220;left&#8220; background_image_as_pattern=&#8220;without_pattern&#8220; padding_bottom=&#8220;60&#8243; css_animation=&#8220;&#8220;][vc_column]<div class='projects_holder_outer v3 portfolio_with_space portfolio_standard'><div class='filter_outer'><div class='filter_holder'>\n                            <ul>\n                            <li class='filter' data-filter='all'><span>V\u0161e<\/span><\/li><li class='filter' data-filter='portfolio_category_106'><span>Bytov\u00e9 domy<\/span><\/li><li class='filter' data-filter='portfolio_category_58'><span>Design<\/span><\/li><li class='filter' data-filter='portfolio_category_56'><span>Interi\u00e9ry<\/span><\/li><li class='filter' data-filter='portfolio_category_102'><span>Kancel\u00e1\u0159e<\/span><\/li><li class='filter' data-filter='portfolio_category_65'><span>Rekonstrukce<\/span><\/li><li class='filter' data-filter='portfolio_category_108'><span>Rekrea\u010dn\u00ed objekty<\/span><\/li><li class='filter' data-filter='portfolio_category_55'><span>Rodinn\u00e9 domy<\/span><\/li><li class='filter' data-filter='portfolio_category_57'><span>Ve\u0159ejn\u00e9 stavby<\/span><\/li><\/ul><\/div><\/div><div class='projects_holder portfolio_main_holder clearfix v3 standard portfolio_landscape_image '>\n<article class='mix portfolio_category_58 portfolio_category_65 portfolio_category_108 portfolio_category_57 ' style=''><div class='image_holder'><a itemprop='url' class='portfolio_link_for_touch' href='https:\/\/vclv.cz\/?portfolio_page=naplavka' target='_self'><span class='image'><img width=\"800\" height=\"600\" src=\"https:\/\/vclv.cz\/wp-content\/uploads\/2020\/02\/WATERFRONT-3D-03-800x600.jpg\" class=\"attachment-portfolio-landscape size-portfolio-landscape wp-post-image\" alt=\"\" loading=\"lazy\" \/><\/span><\/a><span class='text_holder'><span class='text_outer'><span class='text_inner'><span class='feature_holder'><span class=\"feature_holder_icons\"><a itemprop='url' class='preview qbutton small white' href='https:\/\/vclv.cz\/?portfolio_page=naplavka' target='_self'>Zobrazit\n<\/a><\/span><\/span><\/span><\/span><\/span><\/div><div class='portfolio_description '><h5 itemprop=\"name\" class=\"portfolio_title entry_title\"><a itemprop=\"url\" href=\"https:\/\/vclv.cz\/?portfolio_page=naplavka\"  target=\"_self\">N\u00e1plavka<\/a><\/h5><\/div><\/article>\n<article class='mix portfolio_category_58 portfolio_category_65 portfolio_category_55 ' style=''><div class='image_holder'><a itemprop='url' class='portfolio_link_for_touch' href='https:\/\/vclv.cz\/?portfolio_page=zahradni-schody-formanci' target='_self'><span class='image'><img width=\"800\" height=\"600\" src=\"https:\/\/vclv.cz\/wp-content\/uploads\/2020\/02\/bcd28c36-f175-454d-bd79-ff3f0b98b65b-800x600.jpg\" class=\"attachment-portfolio-landscape size-portfolio-landscape wp-post-image\" alt=\"\" loading=\"lazy\" srcset=\"https:\/\/vclv.cz\/wp-content\/uploads\/2020\/02\/bcd28c36-f175-454d-bd79-ff3f0b98b65b-800x600.jpg 800w, https:\/\/vclv.cz\/wp-content\/uploads\/2020\/02\/bcd28c36-f175-454d-bd79-ff3f0b98b65b-300x225.jpg 300w, https:\/\/vclv.cz\/wp-content\/uploads\/2020\/02\/bcd28c36-f175-454d-bd79-ff3f0b98b65b-1024x768.jpg 1024w, https:\/\/vclv.cz\/wp-content\/uploads\/2020\/02\/bcd28c36-f175-454d-bd79-ff3f0b98b65b-768x576.jpg 768w, https:\/\/vclv.cz\/wp-content\/uploads\/2020\/02\/bcd28c36-f175-454d-bd79-ff3f0b98b65b-1536x1152.jpg 1536w, https:\/\/vclv.cz\/wp-content\/uploads\/2020\/02\/bcd28c36-f175-454d-bd79-ff3f0b98b65b-700x525.jpg 700w, https:\/\/vclv.cz\/wp-content\/uploads\/2020\/02\/bcd28c36-f175-454d-bd79-ff3f0b98b65b.jpg 1600w\" sizes=\"(max-width: 800px) 100vw, 800px\" \/><\/span><\/a><span class='text_holder'><span class='text_outer'><span class='text_inner'><span class='feature_holder'><span class=\"feature_holder_icons\"><a itemprop='url' class='preview qbutton small white' href='https:\/\/vclv.cz\/?portfolio_page=zahradni-schody-formanci' target='_self'>Zobrazit\n<\/a><\/span><\/span><\/span><\/span><\/span><\/div><div class='portfolio_description '><h5 itemprop=\"name\" class=\"portfolio_title entry_title\"><a itemprop=\"url\" href=\"https:\/\/vclv.cz\/?portfolio_page=zahradni-schody-formanci\"  target=\"_self\">Zahradn\u00ed schody Form\u00e1nci<\/a><\/h5><\/div><\/article>\n<article class='mix portfolio_category_57 ' style=''><div class='image_holder'><a itemprop='url' class='portfolio_link_for_touch' href='https:\/\/vclv.cz\/?portfolio_page=trznice-veleslavin' target='_self'><span class='image'><img width=\"800\" height=\"600\" src=\"https:\/\/vclv.cz\/wp-content\/uploads\/2020\/02\/veleslavin_Photo-19-800x600.jpg\" class=\"attachment-portfolio-landscape size-portfolio-landscape wp-post-image\" alt=\"\" loading=\"lazy\" \/><\/span><\/a><span class='text_holder'><span class='text_outer'><span class='text_inner'><span class='feature_holder'><span class=\"feature_holder_icons\"><a itemprop='url' class='preview qbutton small white' href='https:\/\/vclv.cz\/?portfolio_page=trznice-veleslavin' target='_self'>Zobrazit\n<\/a><\/span><\/span><\/span><\/span><\/span><\/div><div class='portfolio_description '><h5 itemprop=\"name\" class=\"portfolio_title entry_title\"><a itemprop=\"url\" href=\"https:\/\/vclv.cz\/?portfolio_page=trznice-veleslavin\"  target=\"_self\">Tr\u017enice Veleslav\u00edn<\/a><\/h5><\/div><\/article>\n<article class='mix portfolio_category_108 portfolio_category_57 ' style=''><div class='image_holder'><a itemprop='url' class='portfolio_link_for_touch' href='https:\/\/vclv.cz\/?portfolio_page=tree-house' target='_self'><span class='image'><img width=\"800\" height=\"600\" src=\"https:\/\/vclv.cz\/wp-content\/uploads\/2020\/02\/tree-house-vizu-800x600.jpg\" class=\"attachment-portfolio-landscape size-portfolio-landscape wp-post-image\" alt=\"\" loading=\"lazy\" \/><\/span><\/a><span class='text_holder'><span class='text_outer'><span class='text_inner'><span class='feature_holder'><span class=\"feature_holder_icons\"><a itemprop='url' class='preview qbutton small white' href='https:\/\/vclv.cz\/?portfolio_page=tree-house' target='_self'>Zobrazit\n<\/a><\/span><\/span><\/span><\/span><\/span><\/div><div class='portfolio_description '><h5 itemprop=\"name\" class=\"portfolio_title entry_title\"><a itemprop=\"url\" href=\"https:\/\/vclv.cz\/?portfolio_page=tree-house\"  target=\"_self\">Tree House<\/a><\/h5><\/div><\/article>\n<article class='mix portfolio_category_56 portfolio_category_65 ' style=''><div class='image_holder'><a itemprop='url' class='portfolio_link_for_touch' href='https:\/\/vclv.cz\/?portfolio_page=rekonstrukce-a-interier-bytu-kladno' target='_self'><span class='image'><img width=\"800\" height=\"600\" src=\"https:\/\/vclv.cz\/wp-content\/uploads\/2017\/06\/kladno_06_WEB-800x600.jpg\" class=\"attachment-portfolio-landscape size-portfolio-landscape wp-post-image\" alt=\"\" loading=\"lazy\" \/><\/span><\/a><span class='text_holder'><span class='text_outer'><span class='text_inner'><span class='feature_holder'><span class=\"feature_holder_icons\"><a itemprop='url' class='preview qbutton small white' href='https:\/\/vclv.cz\/?portfolio_page=rekonstrukce-a-interier-bytu-kladno' target='_self'>Zobrazit\n<\/a><\/span><\/span><\/span><\/span><\/span><\/div><div class='portfolio_description '><h5 itemprop=\"name\" class=\"portfolio_title entry_title\"><a itemprop=\"url\" href=\"https:\/\/vclv.cz\/?portfolio_page=rekonstrukce-a-interier-bytu-kladno\"  target=\"_self\">Rekonstrukce a interi\u00e9r bytu Kladno<\/a><\/h5><\/div><\/article>\n<article class='mix portfolio_category_55 ' style=''><div class='image_holder'><a itemprop='url' class='portfolio_link_for_touch' href='https:\/\/vclv.cz\/?portfolio_page=dum-slunecnice' target='_self'><span class='image'><img width=\"800\" height=\"600\" src=\"https:\/\/vclv.cz\/wp-content\/uploads\/2016\/09\/sunflower_03-800x600.jpg\" class=\"attachment-portfolio-landscape size-portfolio-landscape wp-post-image\" alt=\"\" loading=\"lazy\" \/><\/span><\/a><span class='text_holder'><span class='text_outer'><span class='text_inner'><span class='feature_holder'><span class=\"feature_holder_icons\"><a itemprop='url' class='preview qbutton small white' href='https:\/\/vclv.cz\/?portfolio_page=dum-slunecnice' target='_self'>Zobrazit\n<\/a><\/span><\/span><\/span><\/span><\/span><\/div><div class='portfolio_description '><h5 itemprop=\"name\" class=\"portfolio_title entry_title\"><a itemprop=\"url\" href=\"https:\/\/vclv.cz\/?portfolio_page=dum-slunecnice\"  target=\"_self\">D\u016fm Slune\u010dnice<\/a><\/h5><\/div><\/article>\n<article class='mix portfolio_category_56 portfolio_category_65 ' style=''><div class='image_holder'><a itemprop='url' class='portfolio_link_for_touch' href='https:\/\/vclv.cz\/?portfolio_page=rekonstrukce-a-interier-bytu-ndstr' target='_self'><span class='image'><img width=\"800\" height=\"600\" src=\"https:\/\/vclv.cz\/wp-content\/uploads\/2016\/09\/ndstr_01-800x600.jpg\" class=\"attachment-portfolio-landscape size-portfolio-landscape wp-post-image\" alt=\"\" loading=\"lazy\" \/><\/span><\/a><span class='text_holder'><span class='text_outer'><span class='text_inner'><span class='feature_holder'><span class=\"feature_holder_icons\"><a itemprop='url' class='preview qbutton small white' href='https:\/\/vclv.cz\/?portfolio_page=rekonstrukce-a-interier-bytu-ndstr' target='_self'>Zobrazit\n<\/a><\/span><\/span><\/span><\/span><\/span><\/div><div class='portfolio_description '><h5 itemprop=\"name\" class=\"portfolio_title entry_title\"><a itemprop=\"url\" href=\"https:\/\/vclv.cz\/?portfolio_page=rekonstrukce-a-interier-bytu-ndstr\"  target=\"_self\">Rekonstrukce a interi\u00e9r bytu NDSTR<\/a><\/h5><\/div><\/article>\n<article class='mix portfolio_category_56 portfolio_category_55 ' style=''><div class='image_holder'><a itemprop='url' class='portfolio_link_for_touch' href='https:\/\/vclv.cz\/?portfolio_page=interier-rodinne-vily-leogang' target='_self'><span class='image'><img width=\"800\" height=\"600\" src=\"https:\/\/vclv.cz\/wp-content\/uploads\/2016\/09\/leogangint_02-800x600.jpg\" class=\"attachment-portfolio-landscape size-portfolio-landscape wp-post-image\" alt=\"\" loading=\"lazy\" \/><\/span><\/a><span class='text_holder'><span class='text_outer'><span class='text_inner'><span class='feature_holder'><span class=\"feature_holder_icons\"><a itemprop='url' class='preview qbutton small white' href='https:\/\/vclv.cz\/?portfolio_page=interier-rodinne-vily-leogang' target='_self'>Zobrazit\n<\/a><\/span><\/span><\/span><\/span><\/span><\/div><div class='portfolio_description '><h5 itemprop=\"name\" class=\"portfolio_title entry_title\"><a itemprop=\"url\" href=\"https:\/\/vclv.cz\/?portfolio_page=interier-rodinne-vily-leogang\"  target=\"_self\">Interi\u00e9r rodinn\u00e9 vily Leogang<\/a><\/h5><\/div><\/article>\n<article class='mix portfolio_category_56 portfolio_category_65 ' style=''><div class='image_holder'><a itemprop='url' class='portfolio_link_for_touch' href='https:\/\/vclv.cz\/?portfolio_page=koupelna_repy' target='_self'><span class='image'><img width=\"800\" height=\"600\" src=\"https:\/\/vclv.cz\/wp-content\/uploads\/2016\/09\/kouptum_01-800x600.jpg\" class=\"attachment-portfolio-landscape size-portfolio-landscape wp-post-image\" alt=\"\" loading=\"lazy\" \/><\/span><\/a><span class='text_holder'><span class='text_outer'><span class='text_inner'><span class='feature_holder'><span class=\"feature_holder_icons\"><a itemprop='url' class='preview qbutton small white' href='https:\/\/vclv.cz\/?portfolio_page=koupelna_repy' target='_self'>Zobrazit\n<\/a><\/span><\/span><\/span><\/span><\/span><\/div><div class='portfolio_description '><h5 itemprop=\"name\" class=\"portfolio_title entry_title\"><a itemprop=\"url\" href=\"https:\/\/vclv.cz\/?portfolio_page=koupelna_repy\"  target=\"_self\">Interi\u00e9r koupelny \u0158eporyje<\/a><\/h5><\/div><\/article>\n<article class='mix portfolio_category_57 ' style=''><div class='image_holder'><a itemprop='url' class='portfolio_link_for_touch' href='https:\/\/vclv.cz\/?portfolio_page=dum-poutniku-na-frantisku' target='_self'><span class='image'><img width=\"800\" height=\"600\" src=\"https:\/\/vclv.cz\/wp-content\/uploads\/2016\/10\/pilgrim_1-800x600.jpg\" class=\"attachment-portfolio-landscape size-portfolio-landscape wp-post-image\" alt=\"\" loading=\"lazy\" \/><\/span><\/a><span class='text_holder'><span class='text_outer'><span class='text_inner'><span class='feature_holder'><span class=\"feature_holder_icons\"><a itemprop='url' class='preview qbutton small white' href='https:\/\/vclv.cz\/?portfolio_page=dum-poutniku-na-frantisku' target='_self'>Zobrazit\n<\/a><\/span><\/span><\/span><\/span><\/span><\/div><div class='portfolio_description '><h5 itemprop=\"name\" class=\"portfolio_title entry_title\"><a itemprop=\"url\" href=\"https:\/\/vclv.cz\/?portfolio_page=dum-poutniku-na-frantisku\"  target=\"_self\">D\u016fm poutn\u00edk\u016f Na Franti\u0161ku<\/a><\/h5><\/div><\/article>\n<article class='mix portfolio_category_106 portfolio_category_102 portfolio_category_65 portfolio_category_57 ' style=''><div class='image_holder'><a itemprop='url' class='portfolio_link_for_touch' href='https:\/\/vclv.cz\/?portfolio_page=pivovar-kralupy' target='_self'><span class='image'><img width=\"800\" height=\"600\" src=\"https:\/\/vclv.cz\/wp-content\/uploads\/2016\/10\/brewery_01-800x600.jpg\" class=\"attachment-portfolio-landscape size-portfolio-landscape wp-post-image\" alt=\"\" loading=\"lazy\" \/><\/span><\/a><span class='text_holder'><span class='text_outer'><span class='text_inner'><span class='feature_holder'><span class=\"feature_holder_icons\"><a itemprop='url' class='preview qbutton small white' href='https:\/\/vclv.cz\/?portfolio_page=pivovar-kralupy' target='_self'>Zobrazit\n<\/a><\/span><\/span><\/span><\/span><\/span><\/div><div class='portfolio_description '><h5 itemprop=\"name\" class=\"portfolio_title entry_title\"><a itemprop=\"url\" href=\"https:\/\/vclv.cz\/?portfolio_page=pivovar-kralupy\"  target=\"_self\">Pivovar Kralupy<\/a><\/h5><\/div><\/article>\n<article class='mix portfolio_category_57 ' style=''><div class='image_holder'><a itemprop='url' class='portfolio_link_for_touch' href='https:\/\/vclv.cz\/?portfolio_page=museum-raseliny-tootsi' target='_self'><span class='image'><img width=\"800\" height=\"600\" src=\"https:\/\/vclv.cz\/wp-content\/uploads\/2016\/10\/tootsi_nahled-800x600.jpg\" class=\"attachment-portfolio-landscape size-portfolio-landscape wp-post-image\" alt=\"\" loading=\"lazy\" srcset=\"https:\/\/vclv.cz\/wp-content\/uploads\/2016\/10\/tootsi_nahled-800x600.jpg 800w, https:\/\/vclv.cz\/wp-content\/uploads\/2016\/10\/tootsi_nahled-1000x750.jpg 1000w\" sizes=\"(max-width: 800px) 100vw, 800px\" \/><\/span><\/a><span class='text_holder'><span class='text_outer'><span class='text_inner'><span class='feature_holder'><span class=\"feature_holder_icons\"><a itemprop='url' class='preview qbutton small white' href='https:\/\/vclv.cz\/?portfolio_page=museum-raseliny-tootsi' target='_self'>Zobrazit\n<\/a><\/span><\/span><\/span><\/span><\/span><\/div><div class='portfolio_description '><h5 itemprop=\"name\" class=\"portfolio_title entry_title\"><a itemprop=\"url\" href=\"https:\/\/vclv.cz\/?portfolio_page=museum-raseliny-tootsi\"  target=\"_self\">Museum ra\u0161eliny Tootsi<\/a><\/h5><\/div><\/article>\n<article class='mix portfolio_category_58 ' style=''><div class='image_holder'><a itemprop='url' class='portfolio_link_for_touch' href='https:\/\/vclv.cz\/?portfolio_page=mestska-lavicka-flipjoy' target='_self'><span class='image'><img width=\"800\" height=\"600\" src=\"https:\/\/vclv.cz\/wp-content\/uploads\/2016\/09\/flipjoy_02-800x600.jpg\" class=\"attachment-portfolio-landscape size-portfolio-landscape wp-post-image\" alt=\"\" loading=\"lazy\" \/><\/span><\/a><span class='text_holder'><span class='text_outer'><span class='text_inner'><span class='feature_holder'><span class=\"feature_holder_icons\"><a itemprop='url' class='preview qbutton small white' href='https:\/\/vclv.cz\/?portfolio_page=mestska-lavicka-flipjoy' target='_self'>Zobrazit\n<\/a><\/span><\/span><\/span><\/span><\/span><\/div><div class='portfolio_description '><h5 itemprop=\"name\" class=\"portfolio_title entry_title\"><a itemprop=\"url\" href=\"https:\/\/vclv.cz\/?portfolio_page=mestska-lavicka-flipjoy\"  target=\"_self\">M\u011bstsk\u00e1 lavi\u010dka Flipjoy<\/a><\/h5><\/div><\/article>\n<article class='mix portfolio_category_57 ' style=''><div class='image_holder'><a itemprop='url' class='portfolio_link_for_touch' href='https:\/\/vclv.cz\/?portfolio_page=hangar-a-muzeum-veteranu-vrchlabi' target='_self'><span class='image'><img width=\"800\" height=\"600\" src=\"https:\/\/vclv.cz\/wp-content\/uploads\/2016\/10\/vrchlabi_02-800x600.jpg\" class=\"attachment-portfolio-landscape size-portfolio-landscape wp-post-image\" alt=\"\" loading=\"lazy\" \/><\/span><\/a><span class='text_holder'><span class='text_outer'><span class='text_inner'><span class='feature_holder'><span class=\"feature_holder_icons\"><a itemprop='url' class='preview qbutton small white' href='https:\/\/vclv.cz\/?portfolio_page=hangar-a-muzeum-veteranu-vrchlabi' target='_self'>Zobrazit\n<\/a><\/span><\/span><\/span><\/span><\/span><\/div><div class='portfolio_description '><h5 itemprop=\"name\" class=\"portfolio_title entry_title\"><a itemprop=\"url\" href=\"https:\/\/vclv.cz\/?portfolio_page=hangar-a-muzeum-veteranu-vrchlabi\"  target=\"_self\">Hang\u00e1r a muzeum veter\u00e1n\u016f Vrchlab\u00ed<\/a><\/h5><\/div><\/article>\n<article class='mix portfolio_category_57 ' style=''><div class='image_holder'><a itemprop='url' class='portfolio_link_for_touch' href='https:\/\/vclv.cz\/?portfolio_page=sportovni-hala-repy' target='_self'><span class='image'><img width=\"800\" height=\"600\" src=\"https:\/\/vclv.cz\/wp-content\/uploads\/2016\/09\/repy_01-800x600.jpg\" class=\"attachment-portfolio-landscape size-portfolio-landscape wp-post-image\" alt=\"\" loading=\"lazy\" \/><\/span><\/a><span class='text_holder'><span class='text_outer'><span class='text_inner'><span class='feature_holder'><span class=\"feature_holder_icons\"><a itemprop='url' class='preview qbutton small white' href='https:\/\/vclv.cz\/?portfolio_page=sportovni-hala-repy' target='_self'>Zobrazit\n<\/a><\/span><\/span><\/span><\/span><\/span><\/div><div class='portfolio_description '><h5 itemprop=\"name\" class=\"portfolio_title entry_title\"><a itemprop=\"url\" href=\"https:\/\/vclv.cz\/?portfolio_page=sportovni-hala-repy\"  target=\"_self\">Sportovn\u00ed hala \u0158epy<\/a><\/h5><\/div><\/article>\n<article class='mix portfolio_category_102 portfolio_category_65 ' style=''><div class='image_holder'><a itemprop='url' class='portfolio_link_for_touch' href='https:\/\/vclv.cz\/?portfolio_page=novy-domov-logio' target='_self'><span class='image'><img width=\"800\" height=\"600\" src=\"https:\/\/vclv.cz\/wp-content\/uploads\/2016\/10\/logio_01-1-800x600.jpg\" class=\"attachment-portfolio-landscape size-portfolio-landscape wp-post-image\" alt=\"\" loading=\"lazy\" \/><\/span><\/a><span class='text_holder'><span class='text_outer'><span class='text_inner'><span class='feature_holder'><span class=\"feature_holder_icons\"><a itemprop='url' class='preview qbutton small white' href='https:\/\/vclv.cz\/?portfolio_page=novy-domov-logio' target='_self'>Zobrazit\n<\/a><\/span><\/span><\/span><\/span><\/span><\/div><div class='portfolio_description '><h5 itemprop=\"name\" class=\"portfolio_title entry_title\"><a itemprop=\"url\" href=\"https:\/\/vclv.cz\/?portfolio_page=novy-domov-logio\"  target=\"_self\">Nov\u00fd domov Logio<\/a><\/h5><\/div><\/article>\n<article class='mix portfolio_category_55 ' style=''><div class='image_holder'><a itemprop='url' class='portfolio_link_for_touch' href='https:\/\/vclv.cz\/?portfolio_page=rodinna-vila-leogang' target='_self'><span class='image'><img width=\"800\" height=\"600\" src=\"https:\/\/vclv.cz\/wp-content\/uploads\/2016\/10\/leogang_01-800x600.jpg\" class=\"attachment-portfolio-landscape size-portfolio-landscape wp-post-image\" alt=\"\" loading=\"lazy\" \/><\/span><\/a><span class='text_holder'><span class='text_outer'><span class='text_inner'><span class='feature_holder'><span class=\"feature_holder_icons\"><a itemprop='url' class='preview qbutton small white' href='https:\/\/vclv.cz\/?portfolio_page=rodinna-vila-leogang' target='_self'>Zobrazit\n<\/a><\/span><\/span><\/span><\/span><\/span><\/div><div class='portfolio_description '><h5 itemprop=\"name\" class=\"portfolio_title entry_title\"><a itemprop=\"url\" href=\"https:\/\/vclv.cz\/?portfolio_page=rodinna-vila-leogang\"  target=\"_self\">Rodinn\u00e1 vila Leogang<\/a><\/h5><\/div><\/article>\n<div class='filler'><\/div>\n<div class='filler'><\/div>\n<div class='filler'><\/div>\n<\/div><\/div>[\/vc_column][\/vc_row]<\/p>\n","protected":false},"excerpt":{"rendered":"<p>[vc_row row_type=&#8220;row&#8220; use_row_as_full_screen_section=&#8220;no&#8220; type=&#8220;full_width&#8220; angled_section=&#8220;no&#8220; text_align=&#8220;left&#8220; background_image_as_pattern=&#8220;without_pattern&#8220; padding_bottom=&#8220;60&#8243; css_animation=&#8220;&#8220;][vc_column][\/vc_column][\/vc_row]<\/p>\n","protected":false},"author":1,"featured_media":0,"parent":0,"menu_order":0,"comment_status":"open","ping_status":"open","template":"","meta":{"_monsterinsights_skip_tracking":false,"_monsterinsights_sitenote_active":false,"_monsterinsights_sitenote_note":"","_monsterinsights_sitenote_category":0},"_links":{"self":[{"href":"https:\/\/vclv.cz\/index.php?rest_route=\/wp\/v2\/pages\/15335"}],"collection":[{"href":"https:\/\/vclv.cz\/index.php?rest_route=\/wp\/v2\/pages"}],"about":[{"href":"https:\/\/vclv.cz\/index.php?rest_route=\/wp\/v2\/types\/page"}],"author":[{"embeddable":true,"href":"https:\/\/vclv.cz\/index.php?rest_route=\/wp\/v2\/users\/1"}],"replies":[{"embeddable":true,"href":"https:\/\/vclv.cz\/index.php?rest_route=%2Fwp%2Fv2%2Fcomments&post=15335"}],"version-history":[{"count":14,"href":"https:\/\/vclv.cz\/index.php?rest_route=\/wp\/v2\/pages\/15335\/revisions"}],"predecessor-version":[{"id":15629,"href":"https:\/\/vclv.cz\/index.php?rest_route=\/wp\/v2\/pages\/15335\/revisions\/15629"}],"wp:attachment":[{"href":"https:\/\/vclv.cz\/index.php?rest_route=%2Fwp%2Fv2%2Fmedia&parent=15335"}],"curies":[{"name":"wp","href":"https:\/\/api.w.org\/{rel}","templated":true}]}}